{"id":2102,"date":"2026-01-26T18:56:32","date_gmt":"2026-01-26T17:56:32","guid":{"rendered":"https:\/\/www.terra-beka.fr\/?page_id=2102"},"modified":"2026-01-26T19:04:56","modified_gmt":"2026-01-26T18:04:56","slug":"alps-ski-spa-wellness-break","status":"publish","type":"page","link":"https:\/\/www.terra-beka.fr\/en\/alps-ski-spa-wellness-break\/","title":{"rendered":"TERRA BEKA LODGE - Ski &amp; Spa break in the mountains"},"content":{"rendered":"<div data-elementor-type=\"wp-page\" data-elementor-id=\"2102\" class=\"elementor elementor-2102\" data-elementor-post-type=\"page\">\n\t\t\t\t<div class=\"elementor-element elementor-element-bb3fd07 e-con-full e-flex e-con e-parent\" data-id=\"bb3fd07\" data-element_type=\"container\" data-settings=\"{&quot;background_background&quot;:&quot;classic&quot;,&quot;jet_parallax_layout_list&quot;:[]}\">\n\t\t\t\t<div class=\"elementor-element elementor-element-77c8470 elementor-hidden-desktop elementor-hidden-laptop elementor-hidden-tablet elementor-hidden-mobile elementor-widget elementor-widget-image\" data-id=\"77c8470\" data-element_type=\"widget\" data-widget_type=\"image.default\">\n\t\t\t\t<div class=\"elementor-widget-container\">\n\t\t\t\t\t\t\t\t\t\t\t\t\t\t\t<img decoding=\"async\" width=\"1\" height=\"1\" src=\"https:\/\/www.terra-beka.fr\/wp-content\/uploads\/2025\/03\/logo-terra-beka-lodge-blanc-vertical.svg\" class=\"attachment-large size-large wp-image-60\" alt=\"\" \/>\t\t\t\t\t\t\t\t\t\t\t\t\t\t\t<\/div>\n\t\t\t\t<\/div>\n\t\t\t\t<div class=\"elementor-element elementor-element-319508f elementor-widget elementor-widget-heading\" data-id=\"319508f\" data-element_type=\"widget\" data-widget_type=\"heading.default\">\n\t\t\t\t<div class=\"elementor-widget-container\">\n\t\t\t\t\t<h6 class=\"elementor-heading-title elementor-size-default\">4-star hotel in La Chapelle d'Abondance<\/h6>\t\t\t\t<\/div>\n\t\t\t\t<\/div>\n\t\t\t\t<div class=\"elementor-element elementor-element-36e7eaf elementor-widget elementor-widget-heading\" data-id=\"36e7eaf\" data-element_type=\"widget\" data-widget_type=\"heading.default\">\n\t\t\t\t<div class=\"elementor-widget-container\">\n\t\t\t\t\t<h1 class=\"elementor-heading-title elementor-size-default\">Ski &amp; spa break in the heart of the Portes du Soleil<\/h1>\t\t\t\t<\/div>\n\t\t\t\t<\/div>\n\t\t\t\t<div class=\"elementor-element elementor-element-ccb91f5 elementor-widget__width-initial elementor-widget elementor-widget-heading\" data-id=\"ccb91f5\" data-element_type=\"widget\" data-widget_type=\"heading.default\">\n\t\t\t\t<div class=\"elementor-widget-container\">\n\t\t\t\t\t<h2 class=\"elementor-heading-title elementor-size-default\">TERRA BEKA LODGE offers you a complete experience: the pleasure of skiing combined with absolute relaxation. After the slopes, soak up the warmth in the spa and enjoy authentic cuisine in the rotisserie.<\/h2>\t\t\t\t<\/div>\n\t\t\t\t<\/div>\n\t\t\t\t<div class=\"elementor-element elementor-element-b9f9348 elementor-align-center elementor-mobile-align-center elementor-widget elementor-widget-button\" data-id=\"b9f9348\" data-element_type=\"widget\" data-widget_type=\"button.default\">\n\t\t\t\t<div class=\"elementor-widget-container\">\n\t\t\t\t\t\t\t\t\t<div class=\"elementor-button-wrapper\">\n\t\t\t\t\t<a class=\"elementor-button elementor-button-link elementor-size-sm\" href=\"https:\/\/www.terra-beka.fr\/en\/offers\/\" target=\"_blank\">\n\t\t\t\t\t\t<span class=\"elementor-button-content-wrapper\">\n\t\t\t\t\t\t\t\t\t<span class=\"elementor-button-text\">Our offers<\/span>\n\t\t\t\t\t<\/span>\n\t\t\t\t\t<\/a>\n\t\t\t\t<\/div>\n\t\t\t\t\t\t\t\t<\/div>\n\t\t\t\t<\/div>\n\t\t\t\t<\/div>\n\t\t<div class=\"elementor-element elementor-element-b5a7927 e-flex e-con-boxed e-con e-parent\" data-id=\"b5a7927\" data-element_type=\"container\" data-settings=\"{&quot;jet_parallax_layout_list&quot;:[]}\">\n\t\t\t\t\t<div class=\"e-con-inner\">\n\t\t<div class=\"elementor-element elementor-element-d9e2214 e-con-full e-flex e-con e-child\" data-id=\"d9e2214\" data-element_type=\"container\" data-settings=\"{&quot;jet_parallax_layout_list&quot;:[]}\">\n\t\t\t\t<div class=\"elementor-element elementor-element-aa7d8d5 elementor-widget__width-initial elementor-widget elementor-widget-heading\" data-id=\"aa7d8d5\" data-element_type=\"widget\" data-widget_type=\"heading.default\">\n\t\t\t\t<div class=\"elementor-widget-container\">\n\t\t\t\t\t<h2 class=\"elementor-heading-title elementor-size-default\">Comfort after exercise<\/h2>\t\t\t\t<\/div>\n\t\t\t\t<\/div>\n\t\t\t\t<div class=\"elementor-element elementor-element-8a1f137 elementor-widget__width-initial elementor-widget elementor-widget-text-editor\" data-id=\"8a1f137\" data-element_type=\"widget\" data-widget_type=\"text-editor.default\">\n\t\t\t\t<div class=\"elementor-widget-container\">\n\t\t\t\t\t\t\t\t\t<p>Ski, snow and fresh air, then back to the lodge for a moment of well-being. Sauna, jacuzzi, massages and views of the peaks: the perfect winter combo.<\/p>\t\t\t\t\t\t\t\t<\/div>\n\t\t\t\t<\/div>\n\t\t\t\t<div class=\"elementor-element elementor-element-39deb4e elementor-align-left elementor-mobile-align-center elementor-widget__width-inherit elementor-widget elementor-widget-button\" data-id=\"39deb4e\" data-element_type=\"widget\" data-widget_type=\"button.default\">\n\t\t\t\t<div class=\"elementor-widget-container\">\n\t\t\t\t\t\t\t\t\t<div class=\"elementor-button-wrapper\">\n\t\t\t\t\t<a class=\"elementor-button elementor-button-link elementor-size-sm\" href=\"https:\/\/www.terra-beka.fr\/en\/offers\/\" target=\"_blank\">\n\t\t\t\t\t\t<span class=\"elementor-button-content-wrapper\">\n\t\t\t\t\t\t\t\t\t<span class=\"elementor-button-text\">Discover our offers <\/span>\n\t\t\t\t\t<\/span>\n\t\t\t\t\t<\/a>\n\t\t\t\t<\/div>\n\t\t\t\t\t\t\t\t<\/div>\n\t\t\t\t<\/div>\n\t\t\t\t<\/div>\n\t\t<div class=\"elementor-element elementor-element-f43d5a7 e-con-full e-flex e-con e-child\" data-id=\"f43d5a7\" data-element_type=\"container\" data-settings=\"{&quot;jet_parallax_layout_list&quot;:[]}\">\n\t\t\t\t<div class=\"elementor-element elementor-element-cae0be3 elementor-widget elementor-widget-image\" data-id=\"cae0be3\" data-element_type=\"widget\" data-widget_type=\"image.default\">\n\t\t\t\t<div class=\"elementor-widget-container\">\n\t\t\t\t\t\t\t\t\t\t\t\t\t\t\t<img fetchpriority=\"high\" decoding=\"async\" width=\"800\" height=\"600\" src=\"https:\/\/www.terra-beka.fr\/wp-content\/uploads\/2025\/05\/Jacuzzi-terra-beka-spagrde-1024x768.jpg\" class=\"attachment-large size-large wp-image-1054\" alt=\"\" srcset=\"https:\/\/www.terra-beka.fr\/wp-content\/uploads\/2025\/05\/Jacuzzi-terra-beka-spagrde-1024x768.jpg 1024w, https:\/\/www.terra-beka.fr\/wp-content\/uploads\/2025\/05\/Jacuzzi-terra-beka-spagrde-300x225.jpg 300w, https:\/\/www.terra-beka.fr\/wp-content\/uploads\/2025\/05\/Jacuzzi-terra-beka-spagrde-768x576.jpg 768w, https:\/\/www.terra-beka.fr\/wp-content\/uploads\/2025\/05\/Jacuzzi-terra-beka-spagrde-1536x1152.jpg 1536w, https:\/\/www.terra-beka.fr\/wp-content\/uploads\/2025\/05\/Jacuzzi-terra-beka-spagrde-16x12.jpg 16w, https:\/\/www.terra-beka.fr\/wp-content\/uploads\/2025\/05\/Jacuzzi-terra-beka-spagrde.jpg 1920w\" sizes=\"(max-width: 800px) 100vw, 800px\" \/>\t\t\t\t\t\t\t\t\t\t\t\t\t\t\t<\/div>\n\t\t\t\t<\/div>\n\t\t\t\t<div class=\"elementor-element elementor-element-fa0c1ca elementor-absolute elementor-widget elementor-widget-image\" data-id=\"fa0c1ca\" data-element_type=\"widget\" data-settings=\"{&quot;_position&quot;:&quot;absolute&quot;}\" data-widget_type=\"image.default\">\n\t\t\t\t<div class=\"elementor-widget-container\">\n\t\t\t\t\t\t\t\t\t\t\t\t\t\t\t<img decoding=\"async\" width=\"1\" height=\"1\" src=\"https:\/\/www.terra-beka.fr\/wp-content\/uploads\/2025\/03\/logo-seul-terra-beka.svg\" class=\"attachment-large size-large wp-image-116\" alt=\"\" \/>\t\t\t\t\t\t\t\t\t\t\t\t\t\t\t<\/div>\n\t\t\t\t<\/div>\n\t\t\t\t<\/div>\n\t\t\t\t\t<\/div>\n\t\t\t\t<\/div>\n\t\t<div class=\"elementor-element elementor-element-61ec5af e-flex e-con-boxed e-con e-parent\" data-id=\"61ec5af\" data-element_type=\"container\" data-settings=\"{&quot;jet_parallax_layout_list&quot;:[],&quot;background_background&quot;:&quot;classic&quot;}\">\n\t\t\t\t\t<div class=\"e-con-inner\">\n\t\t\t\t\t<\/div>\n\t\t\t\t<\/div>\n\t\t<div class=\"elementor-element elementor-element-9b633da e-flex e-con-boxed e-con e-parent\" data-id=\"9b633da\" data-element_type=\"container\" data-settings=\"{&quot;jet_parallax_layout_list&quot;:[],&quot;background_background&quot;:&quot;classic&quot;}\">\n\t\t\t\t\t<div class=\"e-con-inner\">\n\t\t<div class=\"elementor-element elementor-element-38f9e93 e-con-full e-flex e-con e-child\" data-id=\"38f9e93\" data-element_type=\"container\" data-settings=\"{&quot;jet_parallax_layout_list&quot;:[]}\">\n\t\t\t\t<div class=\"elementor-element elementor-element-e2dc408 elementor-widget__width-initial elementor-widget elementor-widget-heading\" data-id=\"e2dc408\" data-element_type=\"widget\" data-widget_type=\"heading.default\">\n\t\t\t\t<div class=\"elementor-widget-container\">\n\t\t\t\t\t<h2 class=\"elementor-heading-title elementor-size-default\">A unique sensory experience<\/h2>\t\t\t\t<\/div>\n\t\t\t\t<\/div>\n\t\t\t\t<div class=\"elementor-element elementor-element-cf3c85a elementor-widget__width-initial elementor-widget elementor-widget-text-editor\" data-id=\"cf3c85a\" data-element_type=\"widget\" data-widget_type=\"text-editor.default\">\n\t\t\t\t<div class=\"elementor-widget-container\">\n\t\t\t\t\t\t\t\t\t<p>Our panoramic spa welcomes you every day for a relaxing interlude. The treatments, using natural products, extend your mountain experience.<\/p>\t\t\t\t\t\t\t\t<\/div>\n\t\t\t\t<\/div>\n\t\t\t\t<div class=\"elementor-element elementor-element-c49809c elementor-align-left elementor-mobile-align-center elementor-widget__width-inherit elementor-widget elementor-widget-button\" data-id=\"c49809c\" data-element_type=\"widget\" data-widget_type=\"button.default\">\n\t\t\t\t<div class=\"elementor-widget-container\">\n\t\t\t\t\t\t\t\t\t<div class=\"elementor-button-wrapper\">\n\t\t\t\t\t<a class=\"elementor-button elementor-button-link elementor-size-sm\" href=\"https:\/\/www.terra-beka.fr\/en\/offers\/\" target=\"_blank\">\n\t\t\t\t\t\t<span class=\"elementor-button-content-wrapper\">\n\t\t\t\t\t\t\t\t\t<span class=\"elementor-button-text\">Discover our offers <\/span>\n\t\t\t\t\t<\/span>\n\t\t\t\t\t<\/a>\n\t\t\t\t<\/div>\n\t\t\t\t\t\t\t\t<\/div>\n\t\t\t\t<\/div>\n\t\t\t\t<\/div>\n\t\t<div class=\"elementor-element elementor-element-e51c61d e-con-full e-flex e-con e-child\" data-id=\"e51c61d\" data-element_type=\"container\" data-settings=\"{&quot;jet_parallax_layout_list&quot;:[]}\">\n\t\t\t\t<div class=\"elementor-element elementor-element-d060826 elementor-widget elementor-widget-image\" data-id=\"d060826\" data-element_type=\"widget\" data-widget_type=\"image.default\">\n\t\t\t\t<div class=\"elementor-widget-container\">\n\t\t\t\t\t\t\t\t\t\t\t\t\t\t\t<img loading=\"lazy\" decoding=\"async\" width=\"800\" height=\"534\" src=\"https:\/\/www.terra-beka.fr\/wp-content\/uploads\/2026\/01\/terra-beka-lodge-spa3-1024x683.webp\" class=\"attachment-large size-large wp-image-2114\" alt=\"\" srcset=\"https:\/\/www.terra-beka.fr\/wp-content\/uploads\/2026\/01\/terra-beka-lodge-spa3-1024x683.webp 1024w, https:\/\/www.terra-beka.fr\/wp-content\/uploads\/2026\/01\/terra-beka-lodge-spa3-300x200.webp 300w, https:\/\/www.terra-beka.fr\/wp-content\/uploads\/2026\/01\/terra-beka-lodge-spa3-768x512.webp 768w, https:\/\/www.terra-beka.fr\/wp-content\/uploads\/2026\/01\/terra-beka-lodge-spa3-1536x1025.webp 1536w, https:\/\/www.terra-beka.fr\/wp-content\/uploads\/2026\/01\/terra-beka-lodge-spa3-18x12.webp 18w, https:\/\/www.terra-beka.fr\/wp-content\/uploads\/2026\/01\/terra-beka-lodge-spa3.webp 1920w\" sizes=\"(max-width: 800px) 100vw, 800px\" \/>\t\t\t\t\t\t\t\t\t\t\t\t\t\t\t<\/div>\n\t\t\t\t<\/div>\n\t\t\t\t<\/div>\n\t\t\t\t\t<\/div>\n\t\t\t\t<\/div>\n\t\t<div class=\"elementor-element elementor-element-771152e e-flex e-con-boxed e-con e-parent\" data-id=\"771152e\" data-element_type=\"container\" data-settings=\"{&quot;jet_parallax_layout_list&quot;:[],&quot;background_background&quot;:&quot;classic&quot;}\">\n\t\t\t\t\t<div class=\"e-con-inner\">\n\t\t\t\t\t<\/div>\n\t\t\t\t<\/div>\n\t\t<div class=\"elementor-element elementor-element-ea99a4f e-flex e-con-boxed e-con e-parent\" data-id=\"ea99a4f\" data-element_type=\"container\" data-settings=\"{&quot;jet_parallax_layout_list&quot;:[]}\">\n\t\t\t\t\t<div class=\"e-con-inner\">\n\t\t<div class=\"elementor-element elementor-element-5a9b264 e-con-full e-flex e-con e-child\" data-id=\"5a9b264\" data-element_type=\"container\" data-settings=\"{&quot;jet_parallax_layout_list&quot;:[]}\">\n\t\t\t\t<div class=\"elementor-element elementor-element-938f0d2 elementor-widget__width-initial elementor-widget elementor-widget-heading\" data-id=\"938f0d2\" data-element_type=\"widget\" data-widget_type=\"heading.default\">\n\t\t\t\t<div class=\"elementor-widget-container\">\n\t\t\t\t\t<h2 class=\"elementor-heading-title elementor-size-default\">Special ski &amp; wellness offers<\/h2>\t\t\t\t<\/div>\n\t\t\t\t<\/div>\n\t\t\t\t<div class=\"elementor-element elementor-element-beab651 elementor-widget__width-initial elementor-widget elementor-widget-text-editor\" data-id=\"beab651\" data-element_type=\"widget\" data-widget_type=\"text-editor.default\">\n\t\t\t\t<div class=\"elementor-widget-container\">\n\t\t\t\t\t\t\t\t\t<p>Discover our exclusive packages:<\/p><ul><li>Massage and relaxation<\/li><li>Winter Romantic Stay<\/li><li>VIP getaway<\/li><\/ul>\t\t\t\t\t\t\t\t<\/div>\n\t\t\t\t<\/div>\n\t\t\t\t<div class=\"elementor-element elementor-element-aea3d0f elementor-align-left elementor-mobile-align-center elementor-widget__width-inherit elementor-widget elementor-widget-button\" data-id=\"aea3d0f\" data-element_type=\"widget\" data-widget_type=\"button.default\">\n\t\t\t\t<div class=\"elementor-widget-container\">\n\t\t\t\t\t\t\t\t\t<div class=\"elementor-button-wrapper\">\n\t\t\t\t\t<a class=\"elementor-button elementor-button-link elementor-size-sm\" href=\"https:\/\/www.terra-beka.fr\/en\/offers\/\" target=\"_blank\">\n\t\t\t\t\t\t<span class=\"elementor-button-content-wrapper\">\n\t\t\t\t\t\t\t\t\t<span class=\"elementor-button-text\">Discover our offers <\/span>\n\t\t\t\t\t<\/span>\n\t\t\t\t\t<\/a>\n\t\t\t\t<\/div>\n\t\t\t\t\t\t\t\t<\/div>\n\t\t\t\t<\/div>\n\t\t\t\t<\/div>\n\t\t<div class=\"elementor-element elementor-element-5459a8b e-con-full e-flex e-con e-child\" data-id=\"5459a8b\" data-element_type=\"container\" data-settings=\"{&quot;jet_parallax_layout_list&quot;:[]}\">\n\t\t\t\t<div class=\"elementor-element elementor-element-ada1020 elementor-widget elementor-widget-image\" data-id=\"ada1020\" data-element_type=\"widget\" data-widget_type=\"image.default\">\n\t\t\t\t<div class=\"elementor-widget-container\">\n\t\t\t\t\t\t\t\t\t\t\t\t\t\t\t<img loading=\"lazy\" decoding=\"async\" width=\"768\" height=\"1024\" src=\"https:\/\/www.terra-beka.fr\/wp-content\/uploads\/2026\/01\/terra-beka-lodge-sejour_romantique-768x1024.webp\" class=\"attachment-large size-large wp-image-2115\" alt=\"\" srcset=\"https:\/\/www.terra-beka.fr\/wp-content\/uploads\/2026\/01\/terra-beka-lodge-sejour_romantique-768x1024.webp 768w, https:\/\/www.terra-beka.fr\/wp-content\/uploads\/2026\/01\/terra-beka-lodge-sejour_romantique-225x300.webp 225w, https:\/\/www.terra-beka.fr\/wp-content\/uploads\/2026\/01\/terra-beka-lodge-sejour_romantique-1152x1536.webp 1152w, https:\/\/www.terra-beka.fr\/wp-content\/uploads\/2026\/01\/terra-beka-lodge-sejour_romantique-9x12.webp 9w, https:\/\/www.terra-beka.fr\/wp-content\/uploads\/2026\/01\/terra-beka-lodge-sejour_romantique.webp 1440w\" sizes=\"(max-width: 768px) 100vw, 768px\" \/>\t\t\t\t\t\t\t\t\t\t\t\t\t\t\t<\/div>\n\t\t\t\t<\/div>\n\t\t\t\t<div class=\"elementor-element elementor-element-ce1f50c elementor-absolute elementor-widget elementor-widget-image\" data-id=\"ce1f50c\" data-element_type=\"widget\" data-settings=\"{&quot;_position&quot;:&quot;absolute&quot;}\" data-widget_type=\"image.default\">\n\t\t\t\t<div class=\"elementor-widget-container\">\n\t\t\t\t\t\t\t\t\t\t\t\t\t\t\t<img decoding=\"async\" width=\"1\" height=\"1\" src=\"https:\/\/www.terra-beka.fr\/wp-content\/uploads\/2025\/03\/logo-seul-terra-beka.svg\" class=\"attachment-large size-large wp-image-116\" alt=\"\" \/>\t\t\t\t\t\t\t\t\t\t\t\t\t\t\t<\/div>\n\t\t\t\t<\/div>\n\t\t\t\t<\/div>\n\t\t\t\t\t<\/div>\n\t\t\t\t<\/div>\n\t\t<div class=\"elementor-element elementor-element-4c4bf8a e-flex e-con-boxed e-con e-parent\" data-id=\"4c4bf8a\" data-element_type=\"container\" data-settings=\"{&quot;jet_parallax_layout_list&quot;:[],&quot;background_background&quot;:&quot;classic&quot;}\">\n\t\t\t\t\t<div class=\"e-con-inner\">\n\t\t\t\t\t<\/div>\n\t\t\t\t<\/div>\n\t\t\t\t<\/div>","protected":false},"excerpt":{"rendered":"<p>H\u00f4tel 4 \u00e9toiles \u00e0 La Chapelle d\u2019Abondance S\u00e9jour ski &amp; spa au c\u0153ur des Portes du Soleil Le TERRA BEKA LODGE vous propose une exp\u00e9rience compl\u00e8te : le plaisir du ski alli\u00e9 \u00e0 la d\u00e9tente absolue. Apr\u00e8s les pistes, plongez dans l\u2019eau chaude du spa et savourez la cuisine authentique de la r\u00f4tisserie. Nos offres [&hellip;]<\/p>","protected":false},"author":1,"featured_media":1995,"parent":0,"menu_order":0,"comment_status":"closed","ping_status":"closed","template":"","meta":{"footnotes":""},"class_list":["post-2102","page","type-page","status-publish","has-post-thumbnail","hentry"],"yoast_head":"<!-- This site is optimized with the Yoast SEO plugin v26.5 - https:\/\/yoast.com\/wordpress\/plugins\/seo\/ -->\n<title>S\u00e9jour ski &amp; spa en montagne | TERRA BEKA LODGE - terra beka<\/title>\n<meta name=\"description\" content=\"Offrez-vous une parenth\u00e8se d\u00e9tente apr\u00e8s le ski : spa panoramique, massages et gastronomie au TERRA BEKA LODGE, aux Portes du Soleil.\" \/>\n<meta name=\"robots\" content=\"index, follow, max-snippet:-1, max-image-preview:large, max-video-preview:-1\" \/>\n<link rel=\"canonical\" href=\"https:\/\/www.terra-beka.fr\/en\/alps-ski-spa-wellness-break\/\" \/>\n<meta property=\"og:locale\" content=\"en_GB\" \/>\n<meta property=\"og:type\" content=\"article\" \/>\n<meta property=\"og:title\" content=\"S\u00e9jour ski &amp; spa en montagne | TERRA BEKA LODGE - terra beka\" \/>\n<meta property=\"og:description\" content=\"Offrez-vous une parenth\u00e8se d\u00e9tente apr\u00e8s le ski : spa panoramique, massages et gastronomie au TERRA BEKA LODGE, aux Portes du Soleil.\" \/>\n<meta property=\"og:url\" content=\"https:\/\/www.terra-beka.fr\/en\/alps-ski-spa-wellness-break\/\" \/>\n<meta property=\"og:site_name\" content=\"terra beka\" \/>\n<meta property=\"article:modified_time\" content=\"2026-01-26T18:04:56+00:00\" \/>\n<meta property=\"og:image\" content=\"https:\/\/www.terra-beka.fr\/wp-content\/uploads\/2025\/12\/Jacuzzi-terra-beka-spagrde.jpg\" \/>\n\t<meta property=\"og:image:width\" content=\"1920\" \/>\n\t<meta property=\"og:image:height\" content=\"1440\" \/>\n\t<meta property=\"og:image:type\" content=\"image\/jpeg\" \/>\n<meta name=\"twitter:card\" content=\"summary_large_image\" \/>\n<meta name=\"twitter:label1\" content=\"Estimated reading time\" \/>\n\t<meta name=\"twitter:data1\" content=\"3 minutes\" \/>\n<script type=\"application\/ld+json\" class=\"yoast-schema-graph\">{\"@context\":\"https:\/\/schema.org\",\"@graph\":[{\"@type\":\"WebPage\",\"@id\":\"https:\/\/www.terra-beka.fr\/sejour-ski-spa-bien-etre-alpes\/\",\"url\":\"https:\/\/www.terra-beka.fr\/sejour-ski-spa-bien-etre-alpes\/\",\"name\":\"S\u00e9jour ski &amp; spa en montagne | TERRA BEKA LODGE - terra beka\",\"isPartOf\":{\"@id\":\"https:\/\/www.terra-beka.fr\/#website\"},\"primaryImageOfPage\":{\"@id\":\"https:\/\/www.terra-beka.fr\/sejour-ski-spa-bien-etre-alpes\/#primaryimage\"},\"image\":{\"@id\":\"https:\/\/www.terra-beka.fr\/sejour-ski-spa-bien-etre-alpes\/#primaryimage\"},\"thumbnailUrl\":\"https:\/\/www.terra-beka.fr\/wp-content\/uploads\/2025\/12\/Jacuzzi-terra-beka-spagrde.jpg\",\"datePublished\":\"2026-01-26T17:56:32+00:00\",\"dateModified\":\"2026-01-26T18:04:56+00:00\",\"description\":\"Offrez-vous une parenth\u00e8se d\u00e9tente apr\u00e8s le ski : spa panoramique, massages et gastronomie au TERRA BEKA LODGE, aux Portes du Soleil.\",\"breadcrumb\":{\"@id\":\"https:\/\/www.terra-beka.fr\/sejour-ski-spa-bien-etre-alpes\/#breadcrumb\"},\"inLanguage\":\"en-GB\",\"potentialAction\":[{\"@type\":\"ReadAction\",\"target\":[\"https:\/\/www.terra-beka.fr\/sejour-ski-spa-bien-etre-alpes\/\"]}]},{\"@type\":\"ImageObject\",\"inLanguage\":\"en-GB\",\"@id\":\"https:\/\/www.terra-beka.fr\/sejour-ski-spa-bien-etre-alpes\/#primaryimage\",\"url\":\"https:\/\/www.terra-beka.fr\/wp-content\/uploads\/2025\/12\/Jacuzzi-terra-beka-spagrde.jpg\",\"contentUrl\":\"https:\/\/www.terra-beka.fr\/wp-content\/uploads\/2025\/12\/Jacuzzi-terra-beka-spagrde.jpg\",\"width\":1920,\"height\":1440},{\"@type\":\"BreadcrumbList\",\"@id\":\"https:\/\/www.terra-beka.fr\/sejour-ski-spa-bien-etre-alpes\/#breadcrumb\",\"itemListElement\":[{\"@type\":\"ListItem\",\"position\":1,\"name\":\"Accueil\",\"item\":\"https:\/\/www.terra-beka.fr\/\"},{\"@type\":\"ListItem\",\"position\":2,\"name\":\"S\u00e9jour ski &amp; spa en montagne | TERRA BEKA LODGE\"}]},{\"@type\":\"WebSite\",\"@id\":\"https:\/\/www.terra-beka.fr\/#website\",\"url\":\"https:\/\/www.terra-beka.fr\/\",\"name\":\"terra beka\",\"description\":\"\",\"publisher\":{\"@id\":\"https:\/\/www.terra-beka.fr\/#organization\"},\"potentialAction\":[{\"@type\":\"SearchAction\",\"target\":{\"@type\":\"EntryPoint\",\"urlTemplate\":\"https:\/\/www.terra-beka.fr\/?s={search_term_string}\"},\"query-input\":{\"@type\":\"PropertyValueSpecification\",\"valueRequired\":true,\"valueName\":\"search_term_string\"}}],\"inLanguage\":\"en-GB\"},{\"@type\":\"Organization\",\"@id\":\"https:\/\/www.terra-beka.fr\/#organization\",\"name\":\"terra beka\",\"url\":\"https:\/\/www.terra-beka.fr\/\",\"logo\":{\"@type\":\"ImageObject\",\"inLanguage\":\"en-GB\",\"@id\":\"https:\/\/www.terra-beka.fr\/#\/schema\/logo\/image\/\",\"url\":\"https:\/\/www.terra-beka.fr\/wp-content\/uploads\/2025\/03\/logo-terra-beka-lodge-blanc-vertical.svg\",\"contentUrl\":\"https:\/\/www.terra-beka.fr\/wp-content\/uploads\/2025\/03\/logo-terra-beka-lodge-blanc-vertical.svg\",\"caption\":\"terra beka\"},\"image\":{\"@id\":\"https:\/\/www.terra-beka.fr\/#\/schema\/logo\/image\/\"}}]}<\/script>\n<!-- \/ Yoast SEO plugin. -->","yoast_head_json":{"title":"Ski &amp; Spa break in the mountains | TERRA BEKA LODGE - terra beka","description":"Treat yourself to a relaxing break after skiing: panoramic spa, massages and gourmet cuisine at TERRA BEKA LODGE, in the Portes du Soleil.","robots":{"index":"index","follow":"follow","max-snippet":"max-snippet:-1","max-image-preview":"max-image-preview:large","max-video-preview":"max-video-preview:-1"},"canonical":"https:\/\/www.terra-beka.fr\/en\/alps-ski-spa-wellness-break\/","og_locale":"en_GB","og_type":"article","og_title":"S\u00e9jour ski &amp; spa en montagne | TERRA BEKA LODGE - terra beka","og_description":"Offrez-vous une parenth\u00e8se d\u00e9tente apr\u00e8s le ski : spa panoramique, massages et gastronomie au TERRA BEKA LODGE, aux Portes du Soleil.","og_url":"https:\/\/www.terra-beka.fr\/en\/alps-ski-spa-wellness-break\/","og_site_name":"terra beka","article_modified_time":"2026-01-26T18:04:56+00:00","og_image":[{"width":1920,"height":1440,"url":"https:\/\/www.terra-beka.fr\/wp-content\/uploads\/2025\/12\/Jacuzzi-terra-beka-spagrde.jpg","type":"image\/jpeg"}],"twitter_card":"summary_large_image","twitter_misc":{"Estimated reading time":"3 minutes"},"schema":{"@context":"https:\/\/schema.org","@graph":[{"@type":"WebPage","@id":"https:\/\/www.terra-beka.fr\/sejour-ski-spa-bien-etre-alpes\/","url":"https:\/\/www.terra-beka.fr\/sejour-ski-spa-bien-etre-alpes\/","name":"Ski &amp; Spa break in the mountains | TERRA BEKA LODGE - terra beka","isPartOf":{"@id":"https:\/\/www.terra-beka.fr\/#website"},"primaryImageOfPage":{"@id":"https:\/\/www.terra-beka.fr\/sejour-ski-spa-bien-etre-alpes\/#primaryimage"},"image":{"@id":"https:\/\/www.terra-beka.fr\/sejour-ski-spa-bien-etre-alpes\/#primaryimage"},"thumbnailUrl":"https:\/\/www.terra-beka.fr\/wp-content\/uploads\/2025\/12\/Jacuzzi-terra-beka-spagrde.jpg","datePublished":"2026-01-26T17:56:32+00:00","dateModified":"2026-01-26T18:04:56+00:00","description":"Treat yourself to a relaxing break after skiing: panoramic spa, massages and gourmet cuisine at TERRA BEKA LODGE, in the Portes du Soleil.","breadcrumb":{"@id":"https:\/\/www.terra-beka.fr\/sejour-ski-spa-bien-etre-alpes\/#breadcrumb"},"inLanguage":"en-GB","potentialAction":[{"@type":"ReadAction","target":["https:\/\/www.terra-beka.fr\/sejour-ski-spa-bien-etre-alpes\/"]}]},{"@type":"ImageObject","inLanguage":"en-GB","@id":"https:\/\/www.terra-beka.fr\/sejour-ski-spa-bien-etre-alpes\/#primaryimage","url":"https:\/\/www.terra-beka.fr\/wp-content\/uploads\/2025\/12\/Jacuzzi-terra-beka-spagrde.jpg","contentUrl":"https:\/\/www.terra-beka.fr\/wp-content\/uploads\/2025\/12\/Jacuzzi-terra-beka-spagrde.jpg","width":1920,"height":1440},{"@type":"BreadcrumbList","@id":"https:\/\/www.terra-beka.fr\/sejour-ski-spa-bien-etre-alpes\/#breadcrumb","itemListElement":[{"@type":"ListItem","position":1,"name":"Accueil","item":"https:\/\/www.terra-beka.fr\/"},{"@type":"ListItem","position":2,"name":"S\u00e9jour ski &amp; spa en montagne | TERRA BEKA LODGE"}]},{"@type":"WebSite","@id":"https:\/\/www.terra-beka.fr\/#website","url":"https:\/\/www.terra-beka.fr\/","name":"terra beka","description":"","publisher":{"@id":"https:\/\/www.terra-beka.fr\/#organization"},"potentialAction":[{"@type":"SearchAction","target":{"@type":"EntryPoint","urlTemplate":"https:\/\/www.terra-beka.fr\/?s={search_term_string}"},"query-input":{"@type":"PropertyValueSpecification","valueRequired":true,"valueName":"search_term_string"}}],"inLanguage":"en-GB"},{"@type":"Organization","@id":"https:\/\/www.terra-beka.fr\/#organization","name":"terra beka","url":"https:\/\/www.terra-beka.fr\/","logo":{"@type":"ImageObject","inLanguage":"en-GB","@id":"https:\/\/www.terra-beka.fr\/#\/schema\/logo\/image\/","url":"https:\/\/www.terra-beka.fr\/wp-content\/uploads\/2025\/03\/logo-terra-beka-lodge-blanc-vertical.svg","contentUrl":"https:\/\/www.terra-beka.fr\/wp-content\/uploads\/2025\/03\/logo-terra-beka-lodge-blanc-vertical.svg","caption":"terra beka"},"image":{"@id":"https:\/\/www.terra-beka.fr\/#\/schema\/logo\/image\/"}}]}},"_links":{"self":[{"href":"https:\/\/www.terra-beka.fr\/en\/wp-json\/wp\/v2\/pages\/2102","targetHints":{"allow":["GET"]}}],"collection":[{"href":"https:\/\/www.terra-beka.fr\/en\/wp-json\/wp\/v2\/pages"}],"about":[{"href":"https:\/\/www.terra-beka.fr\/en\/wp-json\/wp\/v2\/types\/page"}],"author":[{"embeddable":true,"href":"https:\/\/www.terra-beka.fr\/en\/wp-json\/wp\/v2\/users\/1"}],"replies":[{"embeddable":true,"href":"https:\/\/www.terra-beka.fr\/en\/wp-json\/wp\/v2\/comments?post=2102"}],"version-history":[{"count":25,"href":"https:\/\/www.terra-beka.fr\/en\/wp-json\/wp\/v2\/pages\/2102\/revisions"}],"predecessor-version":[{"id":2133,"href":"https:\/\/www.terra-beka.fr\/en\/wp-json\/wp\/v2\/pages\/2102\/revisions\/2133"}],"wp:featuredmedia":[{"embeddable":true,"href":"https:\/\/www.terra-beka.fr\/en\/wp-json\/wp\/v2\/media\/1995"}],"wp:attachment":[{"href":"https:\/\/www.terra-beka.fr\/en\/wp-json\/wp\/v2\/media?parent=2102"}],"curies":[{"name":"wp","href":"https:\/\/api.w.org\/{rel}","templated":true}]}}